{"id":123,"date":"2023-07-15T22:15:30","date_gmt":"2023-07-15T22:15:30","guid":{"rendered":"https:\/\/popprod.ca\/we-bring-your-stories-to-life\/"},"modified":"2024-01-29T15:28:47","modified_gmt":"2024-01-29T15:28:47","slug":"we-bring-your-stories-to-life","status":"publish","type":"page","link":"https:\/\/popprod.ca\/en\/we-bring-your-stories-to-life\/","title":{"rendered":"We bring your stories to life."},"content":{"rendered":"\n<p>We create captivating documentaries to enlighten, engage, and inspire.<\/p>\n","protected":false},"excerpt":{"rendered":"<p>We create captivating documentaries to enlighten, engage, and inspire.<\/p>\n","protected":false},"author":1,"featured_media":95,"parent":0,"menu_order":3,"comment_status":"closed","ping_status":"closed","template":"","meta":{"_seopress_robots_primary_cat":"","_seopress_titles_title":"Pop Prod : Donner Vie \u00e0 Vos Histoires par le Documentaire","_seopress_titles_desc":"Pop Prod, la maison de production canadienne sp\u00e9cialis\u00e9e dans la cr\u00e9ation de documentaires \u00e9ducatifs et captivants. Collaboration, expertise et histoires inoubliables. ","_seopress_robots_index":"","_seopress_analysis_target_kw":"Documentaires Canadiens,Production de Documentaires,Contenu \u00c9ducatif et Inspirant,Services de Post-Production,Location de Studio de Production,R\u00e9alisation de Documentaires,Histoires Captivantes,Collaboration en Production,Documentaires \u00c9ducatifs,Expertise en Narration.","inline_featured_image":false,"footnotes":""},"class_list":["post-123","page","type-page","status-publish","has-post-thumbnail","hentry"],"meta_box":{"hero-video":"https:\/\/vimeo.com\/754405844","propos_content":"<h2>Pop Productions is an emerging Canadian production company specializing in documentaries and educational content.<\/h2>\n<p><span style=\"font-weight: 500\">After its first self-financed documentary REFUGE, Pop Productions is currently developing various original projects on a provincial and national scale. <\/span><\/p>\n<p>\u00a0<\/p>\n<p>\u00a0<\/p>\n","services_content":"<h2>Your vision. Our expertise. Unforgettable stories.<\/h2>\n<p><span style=\"font-weight: 500\"><strong>Pop Productions <\/strong>aspires to collaborate with other production companies or creators and offers production and post-production resources at the material and human level, including a studio available for rent.<\/span><\/p>\n","productions_content":"<h2>Discover our productions<\/h2>\n","realisateurs_content":"<h2>Meet our directors.<\/h2>\n<p>Behind every captivating documentary hides a team of visionaries. Our directors infuse each project with their narrative mastery and attention to detail, bringing our stories to life.<\/p>\n","contact_content":"<h2>Contact us<\/h2>\n<p>We are here to help bring your vision to life. Contact us for any inquiries or to discuss your project.<\/p>\n<p>-<\/p>\n<p><span style=\"color: #333333\">123 Marion St, Winnipeg, MB R2H 3G9<\/span><\/p>\n<p><a href=\"tel:204-237-4823\"><span style=\"color: #333333\">204-237-4823<\/span><\/a><\/p>\n<p><a href=\"mailto:rchevalier@popcomm.ca\"><span style=\"color: #333333\">rchevalier@popcomm.ca<\/span><\/a><\/p>\n"},"_links":{"self":[{"href":"https:\/\/popprod.ca\/en\/wp-json\/wp\/v2\/pages\/123","targetHints":{"allow":["GET"]}}],"collection":[{"href":"https:\/\/popprod.ca\/en\/wp-json\/wp\/v2\/pages"}],"about":[{"href":"https:\/\/popprod.ca\/en\/wp-json\/wp\/v2\/types\/page"}],"author":[{"embeddable":true,"href":"https:\/\/popprod.ca\/en\/wp-json\/wp\/v2\/users\/1"}],"replies":[{"embeddable":true,"href":"https:\/\/popprod.ca\/en\/wp-json\/wp\/v2\/comments?post=123"}],"version-history":[{"count":22,"href":"https:\/\/popprod.ca\/en\/wp-json\/wp\/v2\/pages\/123\/revisions"}],"predecessor-version":[{"id":226,"href":"https:\/\/popprod.ca\/en\/wp-json\/wp\/v2\/pages\/123\/revisions\/226"}],"wp:featuredmedia":[{"embeddable":true,"href":"https:\/\/popprod.ca\/en\/wp-json\/wp\/v2\/media\/95"}],"wp:attachment":[{"href":"https:\/\/popprod.ca\/en\/wp-json\/wp\/v2\/media?parent=123"}],"curies":[{"name":"wp","href":"https:\/\/api.w.org\/{rel}","templated":true}]}}